{"id":6106,"date":"2025-04-08T10:33:37","date_gmt":"2025-04-08T08:33:37","guid":{"rendered":"https:\/\/koio.tn\/?post_type=product&#038;p=6106"},"modified":"2026-01-06T12:42:09","modified_gmt":"2026-01-06T11:42:09","slug":"jakarta","status":"publish","type":"product","link":"https:\/\/koio.tn\/en\/product\/jakarta\/","title":{"rendered":"Jakarta"},"content":{"rendered":"","protected":false},"excerpt":{"rendered":"<p><span>Alliant design minimaliste et raffinement, la vasque <\/span><em data-start=\"191\" data-end=\"200\"><span>Jakarta<\/span><\/em><span><span class=\"_fadeIn_4f9by_7\"> (<\/span><\/span><span>(50 x 30 cm) en Marbrotec s&#8217;int\u00e8gre parfaitement aux petits espaces luxueux. Avec ses lignes simples et pures, elle peut \u00eatre pos\u00e9e ou suspendue selon vos envies. Id\u00e9ale pour les salles de bains contemporaines, elle apporte une touche de modernit\u00e9 tout en optimisant l&#8217;espace.<\/span><\/p>","protected":false},"featured_media":6205,"template":"","meta":{"spay_email":""},"yoast_head":"<!-- This site is optimized with the Yoast SEO Premium plugin v15.4 - https:\/\/yoast.com\/wordpress\/plugins\/seo\/ -->\n<title>Jakarta | KOIO Sanitaire<\/title>\n<meta name=\"robots\" content=\"index, follow, max-snippet:-1, max-image-preview:large, max-video-preview:-1\" \/>\n<link rel=\"canonical\" href=\"https:\/\/koio.tn\/en\/product\/jakarta\/\" \/>\n<meta property=\"og:locale\" content=\"en_GB\" \/>\n<meta property=\"og:type\" content=\"article\" \/>\n<meta property=\"og:title\" content=\"Jakarta | KOIO Sanitaire\" \/>\n<meta property=\"og:description\" content=\"Alliant design minimaliste et raffinement, la vasque Jakarta ((50 x 30 cm) en Marbrotec s&#039;int\u00e8gre parfaitement aux petits espaces luxueux. Avec ses lignes simples et pures, elle peut \u00eatre pos\u00e9e ou suspendue selon vos envies. Id\u00e9ale pour les salles de bains contemporaines, elle apporte une touche de modernit\u00e9 tout en optimisant l&#039;espace.\" \/>\n<meta property=\"og:url\" content=\"https:\/\/koio.tn\/en\/product\/jakarta\/\" \/>\n<meta property=\"og:site_name\" content=\"KOIO Sanitaire\" \/>\n<meta property=\"article:publisher\" content=\"https:\/\/www.facebook.com\/Koio.sanitaire\" \/>\n<meta property=\"article:modified_time\" content=\"2026-01-06T11:42:09+00:00\" \/>\n<meta property=\"og:image\" content=\"https:\/\/koio.tn\/wp-content\/uploads\/2025\/04\/JAKARAT-CREME.jpg\" \/>\n\t<meta property=\"og:image:width\" content=\"2083\" \/>\n\t<meta property=\"og:image:height\" content=\"1474\" \/>\n<meta name=\"twitter:card\" content=\"summary_large_image\" \/>\n<meta name=\"twitter:label1\" content=\"Written by\">\n\t<meta name=\"twitter:data1\" content=\"KOIO Sanitaire\">\n<script type=\"application\/ld+json\" class=\"yoast-schema-graph\">{\"@context\":\"https:\/\/schema.org\",\"@graph\":[{\"@type\":\"Organization\",\"@id\":\"https:\/\/koio.tn\/#organization\",\"name\":\"KOIO\",\"url\":\"https:\/\/koio.tn\/\",\"sameAs\":[\"https:\/\/www.facebook.com\/Koio.sanitaire\"],\"logo\":{\"@type\":\"ImageObject\",\"@id\":\"https:\/\/koio.tn\/#logo\",\"inLanguage\":\"en-GB\",\"url\":\"https:\/\/koio.tn\/wp-content\/uploads\/2020\/10\/logo-light.png\",\"width\":202,\"height\":80,\"caption\":\"KOIO\"},\"image\":{\"@id\":\"https:\/\/koio.tn\/#logo\"}},{\"@type\":\"WebSite\",\"@id\":\"https:\/\/koio.tn\/#website\",\"url\":\"https:\/\/koio.tn\/\",\"name\":\"KOIO Sanitaire\",\"description\":\"Vente de produits sanitaire en Tunisie\",\"publisher\":{\"@id\":\"https:\/\/koio.tn\/#organization\"},\"potentialAction\":[{\"@type\":\"SearchAction\",\"target\":\"https:\/\/koio.tn\/?s={search_term_string}\",\"query-input\":\"required name=search_term_string\"}],\"inLanguage\":\"en-GB\"},{\"@type\":\"ImageObject\",\"@id\":\"https:\/\/koio.tn\/produit\/jakarta\/#primaryimage\",\"inLanguage\":\"en-GB\",\"url\":\"https:\/\/koio.tn\/wp-content\/uploads\/2025\/04\/JAKARAT-CREME.jpg\",\"width\":2083,\"height\":1474},{\"@type\":\"WebPage\",\"@id\":\"https:\/\/koio.tn\/produit\/jakarta\/#webpage\",\"url\":\"https:\/\/koio.tn\/produit\/jakarta\/\",\"name\":\"Jakarta | KOIO Sanitaire\",\"isPartOf\":{\"@id\":\"https:\/\/koio.tn\/#website\"},\"primaryImageOfPage\":{\"@id\":\"https:\/\/koio.tn\/produit\/jakarta\/#primaryimage\"},\"datePublished\":\"2025-04-08T08:33:37+00:00\",\"dateModified\":\"2026-01-06T11:42:09+00:00\",\"inLanguage\":\"en-GB\",\"potentialAction\":[{\"@type\":\"ReadAction\",\"target\":[\"https:\/\/koio.tn\/produit\/jakarta\/\"]}]}]}<\/script>\n<!-- \/ Yoast SEO Premium plugin. -->","_links":{"self":[{"href":"https:\/\/koio.tn\/en\/wp-json\/wp\/v2\/product\/6106"}],"collection":[{"href":"https:\/\/koio.tn\/en\/wp-json\/wp\/v2\/product"}],"about":[{"href":"https:\/\/koio.tn\/en\/wp-json\/wp\/v2\/types\/product"}],"wp:featuredmedia":[{"embeddable":true,"href":"https:\/\/koio.tn\/en\/wp-json\/wp\/v2\/media\/6205"}],"wp:attachment":[{"href":"https:\/\/koio.tn\/en\/wp-json\/wp\/v2\/media?parent=6106"}],"curies":[{"name":"wp","href":"https:\/\/api.w.org\/{rel}","templated":true}]}}