{"id":5529,"date":"2023-04-18T12:28:18","date_gmt":"2023-04-18T10:28:18","guid":{"rendered":"https:\/\/koio.tn\/?post_type=product&#038;p=5529"},"modified":"2026-01-06T12:47:27","modified_gmt":"2026-01-06T11:47:27","slug":"bali","status":"publish","type":"product","link":"https:\/\/koio.tn\/en\/product\/bali\/","title":{"rendered":"Bali"},"content":{"rendered":"<p><strong data-start=\"48\" data-end=\"90\">Vasque \u00e0 poser &#8220;Bali&#8221; \u2013 Koio Sanitaire<\/strong><br data-start=\"90\" data-end=\"93\" \/>En Marbrotec, la vasque <em data-start=\"117\" data-end=\"123\">Bali<\/em> (50 x 36 cm) s\u00e9duit par son design \u00e9pur\u00e9, ses lignes courbes et son cache-siphon discret pour une finition \u00e9l\u00e9gante et moderne.<\/p>","protected":false},"excerpt":{"rendered":"<p>Vasque \u00e0 poser &#8220;Bali&#8221; \u2013 Koio SanitaireEn Marbrotec, la vasque Bali (50 x 36 cm) s\u00e9duit par son design \u00e9pur\u00e9, ses lignes courbes et son cache-siphon discret pour une finition \u00e9l\u00e9gante et moderne.<\/p>","protected":false},"featured_media":5549,"template":"","meta":{"spay_email":""},"yoast_head":"<!-- This site is optimized with the Yoast SEO Premium plugin v15.4 - https:\/\/yoast.com\/wordpress\/plugins\/seo\/ -->\n<title>Bali | KOIO Sanitaire<\/title>\n<meta name=\"robots\" content=\"index, follow, max-snippet:-1, max-image-preview:large, max-video-preview:-1\" \/>\n<link rel=\"canonical\" href=\"https:\/\/koio.tn\/en\/product\/bali\/\" \/>\n<meta property=\"og:locale\" content=\"en_GB\" \/>\n<meta property=\"og:type\" content=\"article\" \/>\n<meta property=\"og:title\" content=\"Bali | KOIO Sanitaire\" \/>\n<meta property=\"og:description\" content=\"Vasque \u00e0 poser &#8220;Bali&#8221; \u2013 Koio SanitaireEn Marbrotec, la vasque Bali (50 x 36 cm) s\u00e9duit par son design \u00e9pur\u00e9, ses lignes courbes et son cache-siphon discret pour une finition \u00e9l\u00e9gante et moderne.\" \/>\n<meta property=\"og:url\" content=\"https:\/\/koio.tn\/en\/product\/bali\/\" \/>\n<meta property=\"og:site_name\" content=\"KOIO Sanitaire\" \/>\n<meta property=\"article:publisher\" content=\"https:\/\/www.facebook.com\/Koio.sanitaire\" \/>\n<meta property=\"article:modified_time\" content=\"2026-01-06T11:47:27+00:00\" \/>\n<meta property=\"og:image\" content=\"https:\/\/koio.tn\/wp-content\/uploads\/2023\/04\/Bali-gris.jpg\" \/>\n\t<meta property=\"og:image:width\" content=\"2083\" \/>\n\t<meta property=\"og:image:height\" content=\"1474\" \/>\n<meta name=\"twitter:card\" content=\"summary_large_image\" \/>\n<meta name=\"twitter:label1\" content=\"Written by\">\n\t<meta name=\"twitter:data1\" content=\"KOIO Sanitaire\">\n\t<meta name=\"twitter:label2\" content=\"Estimated reading time\">\n\t<meta name=\"twitter:data2\" content=\"0 minutes\">\n<script type=\"application\/ld+json\" class=\"yoast-schema-graph\">{\"@context\":\"https:\/\/schema.org\",\"@graph\":[{\"@type\":\"Organization\",\"@id\":\"https:\/\/koio.tn\/#organization\",\"name\":\"KOIO\",\"url\":\"https:\/\/koio.tn\/\",\"sameAs\":[\"https:\/\/www.facebook.com\/Koio.sanitaire\"],\"logo\":{\"@type\":\"ImageObject\",\"@id\":\"https:\/\/koio.tn\/#logo\",\"inLanguage\":\"en-GB\",\"url\":\"https:\/\/koio.tn\/wp-content\/uploads\/2020\/10\/logo-light.png\",\"width\":202,\"height\":80,\"caption\":\"KOIO\"},\"image\":{\"@id\":\"https:\/\/koio.tn\/#logo\"}},{\"@type\":\"WebSite\",\"@id\":\"https:\/\/koio.tn\/#website\",\"url\":\"https:\/\/koio.tn\/\",\"name\":\"KOIO Sanitaire\",\"description\":\"Vente de produits sanitaire en Tunisie\",\"publisher\":{\"@id\":\"https:\/\/koio.tn\/#organization\"},\"potentialAction\":[{\"@type\":\"SearchAction\",\"target\":\"https:\/\/koio.tn\/?s={search_term_string}\",\"query-input\":\"required name=search_term_string\"}],\"inLanguage\":\"en-GB\"},{\"@type\":\"ImageObject\",\"@id\":\"https:\/\/koio.tn\/produit\/bali\/#primaryimage\",\"inLanguage\":\"en-GB\",\"url\":\"https:\/\/koio.tn\/wp-content\/uploads\/2023\/04\/Bali-gris.jpg\",\"width\":2083,\"height\":1474},{\"@type\":\"WebPage\",\"@id\":\"https:\/\/koio.tn\/produit\/bali\/#webpage\",\"url\":\"https:\/\/koio.tn\/produit\/bali\/\",\"name\":\"Bali | KOIO Sanitaire\",\"isPartOf\":{\"@id\":\"https:\/\/koio.tn\/#website\"},\"primaryImageOfPage\":{\"@id\":\"https:\/\/koio.tn\/produit\/bali\/#primaryimage\"},\"datePublished\":\"2023-04-18T10:28:18+00:00\",\"dateModified\":\"2026-01-06T11:47:27+00:00\",\"inLanguage\":\"en-GB\",\"potentialAction\":[{\"@type\":\"ReadAction\",\"target\":[\"https:\/\/koio.tn\/produit\/bali\/\"]}]}]}<\/script>\n<!-- \/ Yoast SEO Premium plugin. -->","_links":{"self":[{"href":"https:\/\/koio.tn\/en\/wp-json\/wp\/v2\/product\/5529"}],"collection":[{"href":"https:\/\/koio.tn\/en\/wp-json\/wp\/v2\/product"}],"about":[{"href":"https:\/\/koio.tn\/en\/wp-json\/wp\/v2\/types\/product"}],"wp:featuredmedia":[{"embeddable":true,"href":"https:\/\/koio.tn\/en\/wp-json\/wp\/v2\/media\/5549"}],"wp:attachment":[{"href":"https:\/\/koio.tn\/en\/wp-json\/wp\/v2\/media?parent=5529"}],"curies":[{"name":"wp","href":"https:\/\/api.w.org\/{rel}","templated":true}]}}