{"id":2331,"date":"2020-11-06T12:36:23","date_gmt":"2020-11-06T11:36:23","guid":{"rendered":"https:\/\/koio.tn\/?post_type=product&#038;p=2331"},"modified":"2022-01-17T09:26:10","modified_gmt":"2022-01-17T08:26:10","slug":"cabine-douche-standard-70-120-c","status":"publish","type":"product","link":"https:\/\/koio.tn\/en\/product\/cabine-douche-standard-70-120-c\/","title":{"rendered":"Standard shower cabin 70\/120 C"},"content":{"rendered":"<p><a href=\"https:\/\/koio.tn\/en\/wp-content\/uploads\/2020\/11\/manuel-montage-cabine.pdf\/\" target=\"_blank\" rel=\"noopener noreferrer\"><img loading=\"lazy\" class=\"size-full wp-image-2936 alignleft\" src=\"https:\/\/koio.tn\/wp-content\/uploads\/2020\/11\/pdf-icon.jpg\" alt=\"\" width=\"50\" height=\"56\" \/><span style=\"padding-top: 15px;\">Download the shower cabin assembly manual<\/span><\/a><\/p>","protected":false},"excerpt":{"rendered":"<p>Accessoires :<\/p>\n<p>Pattes de fixation, barres raidisseur, charni\u00e8res verre verre, kit de joint, tirette.<\/p>\n<p><a href=\"https:\/\/koio.tn\/en\/wp-content\/uploads\/2020\/11\/manuel-montage-cabine.pdf\/\" target=\"_blank\" rel=\"noopener noreferrer\"><img loading=\"lazy\" class=\"size-full wp-image-2936 alignleft\" src=\"https:\/\/koio.tn\/wp-content\/uploads\/2020\/11\/pdf-icon.jpg\" alt=\"\" width=\"50\" height=\"56\" \/><\/a><\/p>\n<p><a href=\"https:\/\/koio.tn\/en\/wp-content\/uploads\/2020\/11\/manuel-montage-cabine.pdf\/\" target=\"_blank\" rel=\"noopener noreferrer\"><span style=\"padding-top: 15px;\">Download the shower cabin assembly manual<\/span><\/a><\/p>","protected":false},"featured_media":3235,"template":"","meta":{"spay_email":""},"yoast_head":"<!-- This site is optimized with the Yoast SEO Premium plugin v15.4 - https:\/\/yoast.com\/wordpress\/plugins\/seo\/ -->\n<title>Cabine douche standard 70\/120 C | KOIO Sanitaire<\/title>\n<meta name=\"robots\" content=\"index, follow, max-snippet:-1, max-image-preview:large, max-video-preview:-1\" \/>\n<link rel=\"canonical\" href=\"https:\/\/koio.tn\/en\/product\/cabine-douche-standard-70-120-c\/\" \/>\n<meta property=\"og:locale\" content=\"en_GB\" \/>\n<meta property=\"og:type\" content=\"article\" \/>\n<meta property=\"og:title\" content=\"Cabine douche standard 70\/120 C | KOIO Sanitaire\" \/>\n<meta property=\"og:description\" content=\"Accessoires :  Pattes de fixation, barres raidisseur, charni\u00e8res verre verre, kit de joint, tirette.    T\u00e9l\u00e9charger le manuel de montage de la cabine\" \/>\n<meta property=\"og:url\" content=\"https:\/\/koio.tn\/en\/product\/cabine-douche-standard-70-120-c\/\" \/>\n<meta property=\"og:site_name\" content=\"KOIO Sanitaire\" \/>\n<meta property=\"article:publisher\" content=\"https:\/\/www.facebook.com\/Koio.sanitaire\" \/>\n<meta property=\"article:modified_time\" content=\"2022-01-17T08:26:10+00:00\" \/>\n<meta property=\"og:image\" content=\"https:\/\/koio.tn\/wp-content\/uploads\/2020\/11\/c70120-4.jpg\" \/>\n\t<meta property=\"og:image:width\" content=\"575\" \/>\n\t<meta property=\"og:image:height\" content=\"900\" \/>\n<meta name=\"twitter:card\" content=\"summary_large_image\" \/>\n<meta name=\"twitter:label1\" content=\"Written by\">\n\t<meta name=\"twitter:data1\" content=\"pl7c@63sw8\">\n\t<meta name=\"twitter:label2\" content=\"Estimated reading time\">\n\t<meta name=\"twitter:data2\" content=\"0 minutes\">\n<script type=\"application\/ld+json\" class=\"yoast-schema-graph\">{\"@context\":\"https:\/\/schema.org\",\"@graph\":[{\"@type\":\"Organization\",\"@id\":\"https:\/\/koio.tn\/#organization\",\"name\":\"KOIO\",\"url\":\"https:\/\/koio.tn\/\",\"sameAs\":[\"https:\/\/www.facebook.com\/Koio.sanitaire\"],\"logo\":{\"@type\":\"ImageObject\",\"@id\":\"https:\/\/koio.tn\/#logo\",\"inLanguage\":\"en-GB\",\"url\":\"https:\/\/koio.tn\/wp-content\/uploads\/2020\/10\/logo-light.png\",\"width\":202,\"height\":80,\"caption\":\"KOIO\"},\"image\":{\"@id\":\"https:\/\/koio.tn\/#logo\"}},{\"@type\":\"WebSite\",\"@id\":\"https:\/\/koio.tn\/#website\",\"url\":\"https:\/\/koio.tn\/\",\"name\":\"KOIO Sanitaire\",\"description\":\"Vente de produits sanitaire en Tunisie\",\"publisher\":{\"@id\":\"https:\/\/koio.tn\/#organization\"},\"potentialAction\":[{\"@type\":\"SearchAction\",\"target\":\"https:\/\/koio.tn\/?s={search_term_string}\",\"query-input\":\"required name=search_term_string\"}],\"inLanguage\":\"en-GB\"},{\"@type\":\"ImageObject\",\"@id\":\"https:\/\/koio.tn\/produit\/cabine-douche-standard-70-120-c\/#primaryimage\",\"inLanguage\":\"en-GB\",\"url\":\"https:\/\/koio.tn\/wp-content\/uploads\/2020\/11\/c70120-4.jpg\",\"width\":575,\"height\":900},{\"@type\":\"WebPage\",\"@id\":\"https:\/\/koio.tn\/produit\/cabine-douche-standard-70-120-c\/#webpage\",\"url\":\"https:\/\/koio.tn\/produit\/cabine-douche-standard-70-120-c\/\",\"name\":\"Cabine douche standard 70\/120 C | KOIO Sanitaire\",\"isPartOf\":{\"@id\":\"https:\/\/koio.tn\/#website\"},\"primaryImageOfPage\":{\"@id\":\"https:\/\/koio.tn\/produit\/cabine-douche-standard-70-120-c\/#primaryimage\"},\"datePublished\":\"2020-11-06T11:36:23+00:00\",\"dateModified\":\"2022-01-17T08:26:10+00:00\",\"inLanguage\":\"en-GB\",\"potentialAction\":[{\"@type\":\"ReadAction\",\"target\":[\"https:\/\/koio.tn\/produit\/cabine-douche-standard-70-120-c\/\"]}]}]}<\/script>\n<!-- \/ Yoast SEO Premium plugin. -->","_links":{"self":[{"href":"https:\/\/koio.tn\/en\/wp-json\/wp\/v2\/product\/2331"}],"collection":[{"href":"https:\/\/koio.tn\/en\/wp-json\/wp\/v2\/product"}],"about":[{"href":"https:\/\/koio.tn\/en\/wp-json\/wp\/v2\/types\/product"}],"wp:featuredmedia":[{"embeddable":true,"href":"https:\/\/koio.tn\/en\/wp-json\/wp\/v2\/media\/3235"}],"wp:attachment":[{"href":"https:\/\/koio.tn\/en\/wp-json\/wp\/v2\/media?parent=2331"}],"curies":[{"name":"wp","href":"https:\/\/api.w.org\/{rel}","templated":true}]}}