{"id":3818,"date":"2021-01-04T11:18:31","date_gmt":"2021-01-04T10:18:31","guid":{"rendered":"https:\/\/koio.tn\/?page_id=3818"},"modified":"2021-01-04T11:34:19","modified_gmt":"2021-01-04T10:34:19","slug":"le-marbrotec","status":"publish","type":"page","link":"https:\/\/koio.tn\/en\/le-marbrotec\/","title":{"rendered":"THE MARBROTEC \u00a9"},"content":{"rendered":"[vc_row][vc_column][vc_empty_space height=&#8221;60px&#8221;][vc_row_inner][vc_column_inner width=&#8221;1\/6&#8243;][\/vc_column_inner][vc_column_inner width=&#8221;2\/3&#8243;][vc_single_image image=&#8221;3819&#8243; img_size=&#8221;full&#8221; alignment=&#8221;center&#8221;][\/vc_column_inner][vc_column_inner width=&#8221;1\/6&#8243;][\/vc_column_inner][\/vc_row_inner][vc_column_text]<strong>COMPOSITION:<\/strong><\/p>\n<p style=\"text-align: justify;\">The Marbrotec is a recyclable, massive and cold cast material, composed of 80% natural mineral filler, produced from metamorphic marble of Tunisian origin.<\/p>\n<p style=\"text-align: justify;\">The binder has 20% of the product which is an unsaturated, iso-phthalic, light-stabilized low viscosity matrix. The colors are obtained by the natural pigmentation of the stone and by the addition of organic pigment pastes.<\/p>\n[\/vc_column_text][vc_row_inner][vc_column_inner width=&#8221;1\/4&#8243;][\/vc_column_inner][vc_column_inner width=&#8221;1\/2&#8243;][vc_single_image image=&#8221;3824&#8243; img_size=&#8221;full&#8221; alignment=&#8221;center&#8221;][\/vc_column_inner][vc_column_inner width=&#8221;1\/4&#8243;][\/vc_column_inner][\/vc_row_inner][vc_row_inner][vc_column_inner width=&#8221;7\/12&#8243;][vc_column_text]<strong>CHARACTERISTICS:<\/strong><\/p>\n<table>\n<tbody>\n<tr>\n<td width=\"70%\">Specific weight<\/td>\n<td width=\"30%\"><strong>2g\/cm3<\/strong><\/td>\n<\/tr>\n<tr>\n<td width=\"70%\">Anti-U V treated, resistant to aging<\/td>\n<td width=\"30%\"><strong>Longevity<\/strong><\/td>\n<\/tr>\n<tr>\n<td width=\"70%\">Seamless elements, sanitary antibacterial treatment<\/td>\n<td width=\"30%\"><strong>Healthiness<\/strong><\/td>\n<\/tr>\n<tr>\n<td width=\"70%\">Structure without porosity, rot-proof<\/td>\n<td width=\"30%\"><strong>Total impermeability<\/strong><\/td>\n<\/tr>\n<tr>\n<td width=\"70%\">Solid material, low resonance<\/td>\n<td width=\"30%\"><strong>Sound quality<\/strong><\/td>\n<\/tr>\n<tr>\n<td width=\"70%\">Much less cold than natural marble<\/td>\n<td width=\"30%\"><strong>Pleasant to the touch<\/strong><\/td>\n<\/tr>\n<tr>\n<td width=\"70%\">Resistance to most common chemicals<\/td>\n<td width=\"30%\"><strong>Health neutrality<\/strong><\/td>\n<\/tr>\n<\/tbody>\n<\/table>\n[\/vc_column_text][\/vc_column_inner][vc_column_inner width=&#8221;5\/12&#8243;][vc_column_text]<strong>PROPRIETES MECANIQUES:<\/strong><\/p>\n<table>\n<tbody>\n<tr>\n<td width=\"60%\">Tensile strength<\/td>\n<td width=\"40%\"><strong>11 X 10 p6 N\/m2<\/strong><\/td>\n<\/tr>\n<tr>\n<td width=\"60%\">Flexural strength<\/td>\n<td width=\"40%\"><strong>31 X 10 p6 N\/m2<\/strong><\/td>\n<\/tr>\n<tr>\n<td width=\"60%\">Compressive strength<\/td>\n<td width=\"40%\"><strong>140 X 10 p8 N\/m2<\/strong><\/td>\n<\/tr>\n<tr>\n<td width=\"60%\">Module E<\/td>\n<td width=\"40%\"><strong>119 X 10 p8N\/m2<\/strong><\/td>\n<\/tr>\n<tr>\n<td width=\"60%\">BARCOL hardness<\/td>\n<td width=\"40%\"><strong>50 &#8211; 55<\/strong><\/td>\n<\/tr>\n<\/tbody>\n<\/table>\n[\/vc_column_text][\/vc_column_inner][\/vc_row_inner][\/vc_column][\/vc_row]","protected":false},"excerpt":{"rendered":"<p>[vc_row][vc_column][vc_empty_space height=&#8221;60px&#8221;][vc_row_inner][vc_column_inner width=&#8221;1\/6&#8243;][\/vc_column_inner][vc_column_inner width=&#8221;2\/3&#8243;][vc_single_image image=&#8221;3819&#8243; img_size=&#8221;full&#8221; alignment=&#8221;center&#8221;][\/vc_column_inner][vc_column_inner width=&#8221;1\/6&#8243;][\/vc_column_inner][\/vc_row_inner][vc_column_text]COMPOSITION: Le Marbrotec est un mat\u00e9riau recyclable, massif et coul\u00e9 \u00e0 froid, compos\u00e9 de 80% de charge min\u00e9rale naturelle, produit \u00e0 partir d\u2019un marbre m\u00e9tamorphique d\u2019origine Tunisienne. Le liant pr\u00e9sente 20 % du produit qui est une Matrice \u00e0 basse viscosit\u00e9 insatur\u00e9e, iso-phtalique,&hellip;<\/p>","protected":false},"author":1,"featured_media":0,"parent":0,"menu_order":0,"comment_status":"closed","ping_status":"closed","template":"","meta":{"spay_email":""},"yoast_head":"<!-- This site is optimized with the Yoast SEO Premium plugin v15.4 - https:\/\/yoast.com\/wordpress\/plugins\/seo\/ -->\n<title>LE MARBROTEC \u00a9 | KOIO Sanitaire<\/title>\n<meta name=\"robots\" content=\"index, follow, max-snippet:-1, max-image-preview:large, max-video-preview:-1\" \/>\n<link rel=\"canonical\" href=\"https:\/\/koio.tn\/en\/le-marbrotec\/\" \/>\n<meta property=\"og:locale\" content=\"en_GB\" \/>\n<meta property=\"og:type\" content=\"article\" \/>\n<meta property=\"og:title\" content=\"LE MARBROTEC \u00a9 | KOIO Sanitaire\" \/>\n<meta property=\"og:description\" content=\"[vc_row][vc_column][vc_empty_space height=&#8221;60px&#8221;][vc_row_inner][vc_column_inner width=&#8221;1\/6&#8243;][\/vc_column_inner][vc_column_inner width=&#8221;2\/3&#8243;][vc_single_image image=&#8221;3819&#8243; img_size=&#8221;full&#8221; alignment=&#8221;center&#8221;][\/vc_column_inner][vc_column_inner width=&#8221;1\/6&#8243;][\/vc_column_inner][\/vc_row_inner][vc_column_text]COMPOSITION: Le Marbrotec est un mat\u00e9riau recyclable, massif et coul\u00e9 \u00e0 froid, compos\u00e9 de 80% de charge min\u00e9rale naturelle, produit \u00e0 partir d\u2019un marbre m\u00e9tamorphique d\u2019origine Tunisienne. Le liant pr\u00e9sente 20 % du produit qui est une Matrice \u00e0 basse viscosit\u00e9 insatur\u00e9e, iso-phtalique,&hellip;\" \/>\n<meta property=\"og:url\" content=\"https:\/\/koio.tn\/en\/le-marbrotec\/\" \/>\n<meta property=\"og:site_name\" content=\"KOIO Sanitaire\" \/>\n<meta property=\"article:publisher\" content=\"https:\/\/www.facebook.com\/Koio.sanitaire\" \/>\n<meta property=\"article:modified_time\" content=\"2021-01-04T10:34:19+00:00\" \/>\n<meta property=\"og:image\" content=\"https:\/\/koio.tn\/wp-content\/uploads\/2020\/11\/slide-1.jpg\" \/>\n\t<meta property=\"og:image:width\" content=\"1600\" \/>\n\t<meta property=\"og:image:height\" content=\"1200\" \/>\n<meta name=\"twitter:card\" content=\"summary_large_image\" \/>\n<meta name=\"twitter:label1\" content=\"Written by\">\n\t<meta name=\"twitter:data1\" content=\"pl7c@63sw8\">\n\t<meta name=\"twitter:label2\" content=\"Estimated reading time\">\n\t<meta name=\"twitter:data2\" content=\"1 minute\">\n<script type=\"application\/ld+json\" class=\"yoast-schema-graph\">{\"@context\":\"https:\/\/schema.org\",\"@graph\":[{\"@type\":\"Organization\",\"@id\":\"https:\/\/koio.tn\/#organization\",\"name\":\"KOIO\",\"url\":\"https:\/\/koio.tn\/\",\"sameAs\":[\"https:\/\/www.facebook.com\/Koio.sanitaire\"],\"logo\":{\"@type\":\"ImageObject\",\"@id\":\"https:\/\/koio.tn\/#logo\",\"inLanguage\":\"en-GB\",\"url\":\"https:\/\/koio.tn\/wp-content\/uploads\/2020\/10\/logo-light.png\",\"width\":202,\"height\":80,\"caption\":\"KOIO\"},\"image\":{\"@id\":\"https:\/\/koio.tn\/#logo\"}},{\"@type\":\"WebSite\",\"@id\":\"https:\/\/koio.tn\/#website\",\"url\":\"https:\/\/koio.tn\/\",\"name\":\"KOIO Sanitaire\",\"description\":\"Vente de produits sanitaire en Tunisie\",\"publisher\":{\"@id\":\"https:\/\/koio.tn\/#organization\"},\"potentialAction\":[{\"@type\":\"SearchAction\",\"target\":\"https:\/\/koio.tn\/?s={search_term_string}\",\"query-input\":\"required name=search_term_string\"}],\"inLanguage\":\"en-GB\"},{\"@type\":\"WebPage\",\"@id\":\"https:\/\/koio.tn\/le-marbrotec\/#webpage\",\"url\":\"https:\/\/koio.tn\/le-marbrotec\/\",\"name\":\"LE MARBROTEC \\u00a9 | KOIO Sanitaire\",\"isPartOf\":{\"@id\":\"https:\/\/koio.tn\/#website\"},\"datePublished\":\"2021-01-04T10:18:31+00:00\",\"dateModified\":\"2021-01-04T10:34:19+00:00\",\"inLanguage\":\"en-GB\",\"potentialAction\":[{\"@type\":\"ReadAction\",\"target\":[\"https:\/\/koio.tn\/le-marbrotec\/\"]}]}]}<\/script>\n<!-- \/ Yoast SEO Premium plugin. -->","_links":{"self":[{"href":"https:\/\/koio.tn\/en\/wp-json\/wp\/v2\/pages\/3818"}],"collection":[{"href":"https:\/\/koio.tn\/en\/wp-json\/wp\/v2\/pages"}],"about":[{"href":"https:\/\/koio.tn\/en\/wp-json\/wp\/v2\/types\/page"}],"author":[{"embeddable":true,"href":"https:\/\/koio.tn\/en\/wp-json\/wp\/v2\/users\/1"}],"replies":[{"embeddable":true,"href":"https:\/\/koio.tn\/en\/wp-json\/wp\/v2\/comments?post=3818"}],"version-history":[{"count":7,"href":"https:\/\/koio.tn\/en\/wp-json\/wp\/v2\/pages\/3818\/revisions"}],"predecessor-version":[{"id":3827,"href":"https:\/\/koio.tn\/en\/wp-json\/wp\/v2\/pages\/3818\/revisions\/3827"}],"wp:attachment":[{"href":"https:\/\/koio.tn\/en\/wp-json\/wp\/v2\/media?parent=3818"}],"curies":[{"name":"wp","href":"https:\/\/api.w.org\/{rel}","templated":true}]}}