{"id":2942,"date":"2020-12-01T12:26:10","date_gmt":"2020-12-01T11:26:10","guid":{"rendered":"https:\/\/koio.tn\/?page_id=2942"},"modified":"2020-12-23T07:55:27","modified_gmt":"2020-12-23T06:55:27","slug":"qui-sommes-nous","status":"publish","type":"page","link":"https:\/\/koio.tn\/en\/qui-sommes-nous\/","title":{"rendered":"Who are we?"},"content":{"rendered":"[vc_row][vc_column][vc_empty_space height=&#8221;60px&#8221;][\/vc_column][\/vc_row][vc_row et_full_width=&#8221;true&#8221; et_row_padding=&#8221;true&#8221;][vc_column][vc_row_inner][vc_column_inner][vc_custom_heading text=&#8221;Qui sommes-nous?&#8221; font_container=&#8221;tag:h3|text_align:center&#8221; use_theme_fonts=&#8221;yes&#8221;][vc_empty_space height=&#8221;60px&#8221;][vc_column_text]\n<div style=\"text-align: center; line-height: 22px; font-size: 15px;\">\n<p>Entreprise Tunisienne cr\u00e9e depuis 2011, agissant dans le domaine de la conception et la fabrication d\u2019articles sanitaire en MARBROTEC ,entreprise encadr\u00e9e par une \u00e9quipe de jeunes designers\u00a0 alliant motivation et exp\u00e9rience.<br \/>\nNotre but est de valoriser nos produits par la cr\u00e9ation de collections de vasques, de plans vasques et de receveurs de douche originales et \u00e9l\u00e9gantes.<\/p>\n<\/div>\n[\/vc_column_text][vc_empty_space height=&#8221;30px&#8221;][vc_single_image image=&#8221;3565&#8243; img_size=&#8221;full&#8221; alignment=&#8221;center&#8221;][\/vc_column_inner][\/vc_row_inner][\/vc_column][\/vc_row][vc_row][vc_column][vc_empty_space height=&#8221;60px&#8221;][\/vc_column][\/vc_row][vc_row et_full_width=&#8221;true&#8221; et_row_padding=&#8221;true&#8221;][vc_column][vc_row_inner][vc_column_inner][vc_column_text]\n<div style=\"text-align: center; line-height: 22px; font-size: 15px;\">\n<p>L\u2019excellence du savoir faire tunisien artisanal consid\u00e9r\u00e9 comme un v\u00e9ritable mod\u00e8le dans le monde, nous m\u00e8ne \u00e0 cr\u00e9er une collection innovante et originale \u00e0 la fois intemporelle et contemporaine li\u00e9e \u00e0 notre tradition, nos articles \u00ab fait \u00e0 la main \u00bb d\u00e9termine une qualit\u00e9 in\u00e9gal\u00e9e<\/p>\n<\/div>\n[\/vc_column_text][vc_empty_space height=&#8221;30px&#8221;][vc_single_image image=&#8221;3562&#8243; img_size=&#8221;full&#8221; alignment=&#8221;center&#8221;][\/vc_column_inner][\/vc_row_inner][\/vc_column][\/vc_row][vc_row][vc_column][vc_empty_space height=&#8221;60px&#8221;][\/vc_column][\/vc_row][vc_row et_full_width=&#8221;true&#8221; et_row_padding=&#8221;true&#8221;][vc_column][vc_row_inner][vc_column_inner][vc_column_text]\n<div style=\"text-align: center; line-height: 22px; font-size: 15px;\">\n<p>Notre mission est d\u2019amener notre mati\u00e8re au del\u00e0 des limites connues \u00e0 travers les formes, les tailles, les surfaces et les couleurs.<br \/>\nNotre attention extr\u00eame est de s\u00e9lectionner les meilleurs mat\u00e9riaux comme le choix de la pierre \u00e9l\u00e9ment de base de nos cr\u00e9ations.<br \/>\nLe souci du d\u00e9tail, la connaissance de l\u2019artisanat et la recherche constante de l\u2019harmonie entre la forme et la fonction rendent nos articles uniques.<\/p>\n<\/div>\n[\/vc_column_text][vc_empty_space height=&#8221;30px&#8221;][vc_single_image image=&#8221;3560&#8243; img_size=&#8221;full&#8221; alignment=&#8221;center&#8221;][vc_empty_space height=&#8221;60px&#8221;][\/vc_column_inner][\/vc_row_inner][\/vc_column][\/vc_row]","protected":false},"excerpt":{"rendered":"<p>[vc_row][vc_column][vc_empty_space height=&#8221;60px&#8221;][\/vc_column][\/vc_row][vc_row et_full_width=&#8221;true&#8221; et_row_padding=&#8221;true&#8221;][vc_column][vc_row_inner][vc_column_inner][vc_custom_heading text=&#8221;Qui sommes-nous?&#8221; font_container=&#8221;tag:h3|text_align:center&#8221; use_theme_fonts=&#8221;yes&#8221;][vc_empty_space height=&#8221;60px&#8221;][vc_column_text] Entreprise Tunisienne cr\u00e9e depuis 2011, agissant dans le domaine de la conception et la fabrication d\u2019articles sanitaire en MARBROTEC ,entreprise encadr\u00e9e par une \u00e9quipe de jeunes designers\u00a0 alliant motivation et exp\u00e9rience. Notre but est de valoriser nos produits par la cr\u00e9ation&hellip;<\/p>","protected":false},"author":1,"featured_media":0,"parent":0,"menu_order":0,"comment_status":"closed","ping_status":"closed","template":"","meta":{"spay_email":""},"yoast_head":"<!-- This site is optimized with the Yoast SEO Premium plugin v15.4 - https:\/\/yoast.com\/wordpress\/plugins\/seo\/ -->\n<title>Qui sommes-nous? | KOIO Sanitaire<\/title>\n<meta name=\"robots\" content=\"index, follow, max-snippet:-1, max-image-preview:large, max-video-preview:-1\" \/>\n<link rel=\"canonical\" href=\"https:\/\/koio.tn\/en\/qui-sommes-nous\/\" \/>\n<meta property=\"og:locale\" content=\"en_GB\" \/>\n<meta property=\"og:type\" content=\"article\" \/>\n<meta property=\"og:title\" content=\"Qui sommes-nous? | KOIO Sanitaire\" \/>\n<meta property=\"og:description\" content=\"[vc_row][vc_column][vc_empty_space height=&#8221;60px&#8221;][\/vc_column][\/vc_row][vc_row et_full_width=&#8221;true&#8221; et_row_padding=&#8221;true&#8221;][vc_column][vc_row_inner][vc_column_inner][vc_custom_heading text=&#8221;Qui sommes-nous?&#8221; font_container=&#8221;tag:h3|text_align:center&#8221; use_theme_fonts=&#8221;yes&#8221;][vc_empty_space height=&#8221;60px&#8221;][vc_column_text] Entreprise Tunisienne cr\u00e9e depuis 2011, agissant dans le domaine de la conception et la fabrication d\u2019articles sanitaire en MARBROTEC ,entreprise encadr\u00e9e par une \u00e9quipe de jeunes designers\u00a0 alliant motivation et exp\u00e9rience. Notre but est de valoriser nos produits par la cr\u00e9ation&hellip;\" \/>\n<meta property=\"og:url\" content=\"https:\/\/koio.tn\/en\/qui-sommes-nous\/\" \/>\n<meta property=\"og:site_name\" content=\"KOIO Sanitaire\" \/>\n<meta property=\"article:publisher\" content=\"https:\/\/www.facebook.com\/Koio.sanitaire\" \/>\n<meta property=\"article:modified_time\" content=\"2020-12-23T06:55:27+00:00\" \/>\n<meta property=\"og:image\" content=\"https:\/\/koio.tn\/wp-content\/uploads\/2020\/11\/slide-1.jpg\" \/>\n\t<meta property=\"og:image:width\" content=\"1600\" \/>\n\t<meta property=\"og:image:height\" content=\"1200\" \/>\n<meta name=\"twitter:card\" content=\"summary_large_image\" \/>\n<meta name=\"twitter:label1\" content=\"Written by\">\n\t<meta name=\"twitter:data1\" content=\"pl7c@63sw8\">\n\t<meta name=\"twitter:label2\" content=\"Estimated reading time\">\n\t<meta name=\"twitter:data2\" content=\"2 minutes\">\n<script type=\"application\/ld+json\" class=\"yoast-schema-graph\">{\"@context\":\"https:\/\/schema.org\",\"@graph\":[{\"@type\":\"Organization\",\"@id\":\"https:\/\/koio.tn\/#organization\",\"name\":\"KOIO\",\"url\":\"https:\/\/koio.tn\/\",\"sameAs\":[\"https:\/\/www.facebook.com\/Koio.sanitaire\"],\"logo\":{\"@type\":\"ImageObject\",\"@id\":\"https:\/\/koio.tn\/#logo\",\"inLanguage\":\"en-GB\",\"url\":\"https:\/\/koio.tn\/wp-content\/uploads\/2020\/10\/logo-light.png\",\"width\":202,\"height\":80,\"caption\":\"KOIO\"},\"image\":{\"@id\":\"https:\/\/koio.tn\/#logo\"}},{\"@type\":\"WebSite\",\"@id\":\"https:\/\/koio.tn\/#website\",\"url\":\"https:\/\/koio.tn\/\",\"name\":\"KOIO Sanitaire\",\"description\":\"Vente de produits sanitaire en Tunisie\",\"publisher\":{\"@id\":\"https:\/\/koio.tn\/#organization\"},\"potentialAction\":[{\"@type\":\"SearchAction\",\"target\":\"https:\/\/koio.tn\/?s={search_term_string}\",\"query-input\":\"required name=search_term_string\"}],\"inLanguage\":\"en-GB\"},{\"@type\":\"WebPage\",\"@id\":\"https:\/\/koio.tn\/qui-sommes-nous\/#webpage\",\"url\":\"https:\/\/koio.tn\/qui-sommes-nous\/\",\"name\":\"Qui sommes-nous? | KOIO Sanitaire\",\"isPartOf\":{\"@id\":\"https:\/\/koio.tn\/#website\"},\"datePublished\":\"2020-12-01T11:26:10+00:00\",\"dateModified\":\"2020-12-23T06:55:27+00:00\",\"inLanguage\":\"en-GB\",\"potentialAction\":[{\"@type\":\"ReadAction\",\"target\":[\"https:\/\/koio.tn\/qui-sommes-nous\/\"]}]}]}<\/script>\n<!-- \/ Yoast SEO Premium plugin. -->","_links":{"self":[{"href":"https:\/\/koio.tn\/en\/wp-json\/wp\/v2\/pages\/2942"}],"collection":[{"href":"https:\/\/koio.tn\/en\/wp-json\/wp\/v2\/pages"}],"about":[{"href":"https:\/\/koio.tn\/en\/wp-json\/wp\/v2\/types\/page"}],"author":[{"embeddable":true,"href":"https:\/\/koio.tn\/en\/wp-json\/wp\/v2\/users\/1"}],"replies":[{"embeddable":true,"href":"https:\/\/koio.tn\/en\/wp-json\/wp\/v2\/comments?post=2942"}],"version-history":[{"count":2,"href":"https:\/\/koio.tn\/en\/wp-json\/wp\/v2\/pages\/2942\/revisions"}],"predecessor-version":[{"id":3803,"href":"https:\/\/koio.tn\/en\/wp-json\/wp\/v2\/pages\/2942\/revisions\/3803"}],"wp:attachment":[{"href":"https:\/\/koio.tn\/en\/wp-json\/wp\/v2\/media?parent=2942"}],"curies":[{"name":"wp","href":"https:\/\/api.w.org\/{rel}","templated":true}]}}